{"id":480,"date":"2019-03-04T18:11:49","date_gmt":"2019-03-04T18:11:49","guid":{"rendered":"https:\/\/happyhabitz.se\/?page_id=480"},"modified":"2026-05-06T16:47:04","modified_gmt":"2026-05-06T16:47:04","slug":"referenser-test","status":"publish","type":"page","link":"https:\/\/happyhabitz.se\/?page_id=480","title":{"rendered":"Referenser"},"content":{"rendered":"<h5><strong>F<\/strong><b>\u00f6retag<\/b><\/h5>\n<p><img loading=\"lazy\" decoding=\"async\" src=\"https:\/\/happyhabitz.se\/wp-content\/uploads\/2025\/02\/Knowit.png\" alt=\"\" width=\"141\" height=\"48\" class=\"size-full wp-image-667 alignleft\" \/>\u00a0<img loading=\"lazy\" decoding=\"async\" src=\"https:\/\/happyhabitz.se\/wp-content\/uploads\/2023\/10\/ego.png\" alt=\"\" width=\"156\" height=\"90\" class=\"alignnone size-full wp-image-642\" \/>\u00a0 \u00a0 \u00a0 \u00a0 \u00a0 \u00a0 \u00a0 \u00a0 \u00a0 \u00a0 \u00a0\u00a0<img loading=\"lazy\" decoding=\"async\" src=\"https:\/\/happyhabitz.se\/wp-content\/uploads\/2025\/10\/Sogeti-loggan.png\" alt=\"\" width=\"154\" height=\"76\" class=\"alignnone size-full wp-image-694\" \/><img loading=\"lazy\" decoding=\"async\" src=\"https:\/\/happyhabitz.se\/wp-content\/uploads\/2025\/02\/Permobil.png\" alt=\"\" width=\"159\" height=\"54\" class=\"size-full wp-image-666 alignleft\" \/><\/p>\n<p><a href=\"http:\/\/www.excellencetandvard.se\/\"><img loading=\"lazy\" decoding=\"async\" width=\"206\" height=\"100\" class=\"wp-image-496 alignleft\" alt=\"\" src=\"https:\/\/happyhabitz.se\/wp-content\/uploads\/2019\/03\/Excellence-tandv\u00e5rd.png\" \/><\/a>\u00a0 \u00a0 \u00a0<a href=\"https:\/\/www.hsb.se\/sodra-norrland\/\"><img loading=\"lazy\" decoding=\"async\" width=\"229\" height=\"142\" class=\"alignnone wp-image-495 size-full\" alt=\"\" src=\"https:\/\/happyhabitz.se\/wp-content\/uploads\/2019\/03\/HSB.png\" \/><\/a>\u00a0 \u00a0 \u00a0\u00a0<img loading=\"lazy\" decoding=\"async\" src=\"https:\/\/happyhabitz.se\/wp-content\/uploads\/2023\/03\/Klok.png\" alt=\"\" width=\"128\" height=\"128\" class=\"wp-image-629 alignright\" srcset=\"https:\/\/happyhabitz.se\/wp-content\/uploads\/2023\/03\/Klok.png 223w, https:\/\/happyhabitz.se\/wp-content\/uploads\/2023\/03\/Klok-150x150.png 150w\" sizes=\"auto, (max-width: 128px) 100vw, 128px\" \/><img loading=\"lazy\" decoding=\"async\" src=\"https:\/\/happyhabitz.se\/wp-content\/uploads\/2023\/10\/RVN.png\" alt=\"\" width=\"274\" height=\"73\" class=\"size-full wp-image-643 alignleft\" \/><br \/>\n<img loading=\"lazy\" decoding=\"async\" src=\"https:\/\/happyhabitz.se\/wp-content\/uploads\/2023\/10\/RegionalExportsamverkan-1.jpg\" alt=\"\" width=\"109\" height=\"109\" class=\"wp-image-652 alignleft\" srcset=\"https:\/\/happyhabitz.se\/wp-content\/uploads\/2023\/10\/RegionalExportsamverkan-1.jpg 169w, https:\/\/happyhabitz.se\/wp-content\/uploads\/2023\/10\/RegionalExportsamverkan-1-150x150.jpg 150w\" sizes=\"auto, (max-width: 109px) 100vw, 109px\" \/><a href=\"https:\/\/www.zengungroup.se\/sv\/\"><\/a><a href=\"https:\/\/www.xlent.se\/kontor\/sundsvall\"><img loading=\"lazy\" decoding=\"async\" width=\"190\" height=\"59\" class=\"alignnone wp-image-509\" alt=\"\" src=\"https:\/\/happyhabitz.se\/wp-content\/uploads\/2019\/06\/Xlent.png\" \/><\/a><a href=\"https:\/\/www.energikallansundsvall.se\/\"><img loading=\"lazy\" decoding=\"async\" width=\"260\" height=\"98\" class=\"alignnone wp-image-565 size-full\" alt=\"\" src=\"https:\/\/happyhabitz.se\/wp-content\/uploads\/2020\/04\/Energik\u00e4llan.png\" \/><\/a><a href=\"https:\/\/www.zengungroup.se\/sv\/\" style=\"color: #89229b; opacity: 0.75;\"><img loading=\"lazy\" decoding=\"async\" width=\"124\" height=\"66\" class=\"wp-image-534 alignleft\" alt=\"\" src=\"https:\/\/happyhabitz.se\/wp-content\/uploads\/2019\/11\/Zengun.png\" \/><\/a><img loading=\"lazy\" decoding=\"async\" src=\"https:\/\/happyhabitz.se\/wp-content\/uploads\/2024\/06\/CraveDesign.png\" alt=\"\" width=\"139\" height=\"129\" class=\"size-full wp-image-657 alignleft\" \/><a href=\"https:\/\/www.olitog.se\/\"><\/a><a href=\"https:\/\/www.zengungroup.se\/sv\/\"><\/a><\/p>\n<p><a href=\"https:\/\/www.pro.se\/Distrikt\/Medelpad\/Samorganisationer\/Timra\/Foreningar\/Hassjo-Tyndero\/\"><img loading=\"lazy\" decoding=\"async\" width=\"249\" height=\"67\" class=\"wp-image-566 alignright\" alt=\"\" src=\"https:\/\/happyhabitz.se\/wp-content\/uploads\/2020\/04\/PRO-300x81.png\" srcset=\"https:\/\/happyhabitz.se\/wp-content\/uploads\/2020\/04\/PRO-300x81.png 300w, https:\/\/happyhabitz.se\/wp-content\/uploads\/2020\/04\/PRO.png 322w\" sizes=\"auto, (max-width: 249px) 100vw, 249px\" \/><\/a><\/p>\n<p><a href=\"https:\/\/www.pro.se\/Distrikt\/Medelpad\/Samorganisationer\/Timra\/Foreningar\/Hassjo-Tyndero\/\"><\/a><\/p>\n<p>&nbsp;<\/p>\n<p>&nbsp;<\/p>\n<p>&nbsp;<\/p>\n<p><img loading=\"lazy\" decoding=\"async\" src=\"https:\/\/happyhabitz.se\/wp-content\/uploads\/2025\/10\/B3-vibe.png\" alt=\"\" width=\"119\" height=\"63\" class=\"alignnone wp-image-688\" \/><img loading=\"lazy\" decoding=\"async\" width=\"131\" height=\"68\" class=\"wp-image-576 alignleft\" alt=\"\" src=\"https:\/\/happyhabitz.se\/wp-content\/uploads\/2020\/08\/Olitog.jpg\" style=\"color: #3c4858; font-family: Cabin; font-size: 18px; font-style: normal; font-variant: normal; font-weight: 300; height: 56px; letter-spacing: normal; margin-bottom: 12px; max-width: 100%; orphans: 2; outline: #72777c solid 1px; text-align: left; text-decoration: none; text-indent: 0px; text-transform: none; -webkit-text-stroke-width: 0px; white-space: normal; word-spacing: 0px;\" \/>\u00a0 \u00a0 \u00a0 \u00a0 \u00a0 \u00a0<a href=\"https:\/\/idrottonline.se\/GFNjurundaGymmix-Gymnastik\/\"><img loading=\"lazy\" decoding=\"async\" src=\"https:\/\/happyhabitz.se\/wp-content\/uploads\/2021\/12\/Gymmix-300x121.jpg\" alt=\"\" width=\"191\" height=\"77\" class=\"wp-image-621 alignleft\" srcset=\"https:\/\/happyhabitz.se\/wp-content\/uploads\/2021\/12\/Gymmix-300x121.jpg 300w, https:\/\/happyhabitz.se\/wp-content\/uploads\/2021\/12\/Gymmix.jpg 326w\" sizes=\"auto, (max-width: 191px) 100vw, 191px\" \/><\/a><\/p>\n<p>&nbsp;<\/p>\n<h5><img loading=\"lazy\" decoding=\"async\" src=\"https:\/\/happyhabitz.se\/wp-content\/uploads\/2026\/05\/Bolagsratt.png\" alt=\"\" width=\"155\" height=\"50\" class=\"alignnone size-full wp-image-705\" \/><\/h5>\n<h5><\/h5>\n<h5><\/h5>\n<p>&nbsp;<\/p>\n<p>&nbsp;<\/p>\n<h5><\/h5>\n<h5><b>Deltagare<\/b><\/h5>\n<p class=\"v1MsoNormal\"><span style=\"color: #000000;\"><em>\u201dJag rekommenderar Anna och Happy Habitz varmt.<\/em><\/span><br \/>\n<span style=\"color: #000000;\"><em>Annas stora engagemang, flexibilitet och kompetens g\u00f6r att man k\u00e4nner sig trygg, sedd och motiverad.\u00a0<\/em><\/span><span style=\"color: #000000;\"><em>Hon har en stor palett med skarpa och effektiva \u00f6vningar som \u00e4r l\u00e4tt att implementera. Hennes motivation och gl\u00e4dje f\u00f6r livet \u00e4r smittsam och hon har en f\u00f6rm\u00e5ga att p\u00e5 sitt lugna men energirika s\u00e4tt motivera och inspirera.\u00a0 En h\u00e4rlig del med Annas coaching \u00e4r att hon g\u00f6r en bra och grundlig kartl\u00e4ggning om behov och \u00f6nskem\u00e5l. Hon skapar en tydlig utg\u00e5ngspunkt i b\u00e5de skrift och tal som hon sedan ocks\u00e5 f\u00f6ljer upp och delar med sig av. Detta g\u00f6r utvecklingen v\u00e4ldigt rolig, tydlig och stimulerande att f\u00f6lja.\u201d<br \/>\n<strong>Lena Englund, Sundsvall<\/strong><\/em><\/span><\/p>\n<p><span style=\"color: #000000;\"><em><br \/>\n&#8221;Retreatet motsvarade med r\u00e5ge mina f\u00f6rv\u00e4ntningar. Bra blandning av teori, praktik, samtal och \u00f6vningar. Helgen har gett mig energi &amp; nya tankar, en vilja till f\u00f6r\u00e4ndring, mer kunskap, gemenskap och \u00f6ppnare sinne. &#8221;<br \/>\n<\/em><strong>Nicole Welke, Stockholm<\/strong><\/span><\/p>\n<p><span style=\"color: #000000;\"><em><br \/>\n&#8221;Allt var toppen! Mixen av allt, uppl\u00e4gget, insikt, lugn\u00a0 och m\u00e5bra-\u00f6vningar. En fantastisk helg och en ego boost f\u00f6r att m\u00e5 bra.&#8221;<br \/>\n<\/em><strong>Ther\u00e9se Hulling, Zengun<\/strong><\/span><\/p>\n<p><span><em><span style=\"color: #000000;\"><br \/>\n&#8221;Jag hade h\u00f6ga f\u00f6rv\u00e4ntningar som \u00f6vertr\u00e4ffades p\u00e5 alla m\u00f6jliga s\u00e4tt. Ni \u00e4r riktigt h\u00e4rliga, behagliga och framf\u00f6rallt duktiga och m\u00e5ngfacetterade ledare. Ni \u00e4r ett otroligt bra team och det var superh\u00e4rligt att f\u00e5 massor med verktyg med sig. S\u00e5 tacksam f\u00f6r kursens alla delar.&#8221;\u00a0<\/span><br \/>\n<\/em><span style=\"color: #000000;\"><strong>Sara Gustafsson, Zengun<\/strong><\/span><\/span><\/p>\n<p>&nbsp;<\/p>\n<p><span style=\"color: #000000;\"><em>&#8221;Jag \u00e4r s\u00e5 glad att jag valde att g\u00e5 kursen. Jag har f\u00e5tt ett nyare s\u00e4tt att t\u00e4nka. Man f\u00e5r verktyg f\u00f6r att se p\u00e5 livet lite annorlunda. Lugnare, mer reflekterande. Verktyg f\u00f6r att hantera alla situationer annorlunda\/b\u00e4ttre f\u00f6r mig. Mer n\u00e4rvaro i livet!&#8221;<br \/>\n<\/em><\/span><\/p>\n<p><span style=\"color: #000000;\"><strong>Annika Korvo Nilsson, Tandl\u00e4kare, Excellence Tandv\u00e5rd<\/strong><em><br \/>\n<\/em><\/span><\/p>\n<p><span style=\"color: #000000;\"><em><b><br \/>\n<\/b>&#8221;Kursen \u00f6vertr\u00e4ffade mina f\u00f6rv\u00e4ntningar och mer d\u00e4rtill. Insikten kring att om jag faktisk anv\u00e4nder verktygen jag f\u00e5tt presenterat f\u00f6r mig och testat s\u00e5 funkar det. D\u00e5 blir jag mer n\u00e4rvarande i nuet och ser helheten b\u00e4ttre, och kan g\u00f6ra klokare val. Balans det kan jag f\u00e5 med enkla sm\u00e5 medel. &#8221;<\/em><\/span><br \/>\n<span style=\"color: #000000;\"><strong>Ulrika Kjellberg-Pettersson, Program Manager<\/strong><\/span><\/p>\n<p>&nbsp;<\/p>\n<p class=\"card-description\"><span style=\"color: #000000;\"><em>\u201dJag l\u00e4rde mig att jag med ganska sm\u00e5 medel och tid kan jobba med att bli mera mind ful, m\u00e5 b\u00e4ttre och l\u00e5ta hj\u00e4rnan vila. Tack f\u00f6r en kick-start i r\u00e4tt riktning !\u201d<\/em><br \/>\n<strong>Helena Pettersson, IT Project Manager<\/strong><\/span><\/p>\n<p>&nbsp;<\/p>\n<p class=\"card-description\"><span style=\"color: #000000;\"><em>\u201dHelheten har varit fantastisk, varje fr\u00e5ga g\u00e5r hand i hand. Mini habits och heartfulness \u00e4r v\u00e4rdefulla verktyg jag tar med mig i vardagen.\u201d<\/em><br \/>\n<strong>Lina Runudde, Sjuksk\u00f6terska<\/strong><br \/>\n<\/span><\/p>\n","protected":false},"excerpt":{"rendered":"<p>F\u00f6retag \u00a0\u00a0 \u00a0 \u00a0 \u00a0 \u00a0 \u00a0 \u00a0 \u00a0 \u00a0 \u00a0 \u00a0\u00a0 \u00a0 \u00a0 \u00a0\u00a0 \u00a0 \u00a0\u00a0 &nbsp; &nbsp; &nbsp; \u00a0 \u00a0 \u00a0 \u00a0 \u00a0 \u00a0 &nbsp; &nbsp; &nbsp; Deltagare \u201dJag rekommenderar Anna och Happy Habitz varmt. Annas stora engagemang, flexibilitet och kompetens g\u00f6r att man k\u00e4nner sig trygg, sedd<a class=\"moretag\" href=\"https:\/\/happyhabitz.se\/?page_id=480\"> L\u00e4s mer<\/a><\/p>\n","protected":false},"author":1,"featured_media":544,"parent":0,"menu_order":0,"comment_status":"closed","ping_status":"closed","template":"","meta":{"footnotes":""},"class_list":["post-480","page","type-page","status-publish","has-post-thumbnail","hentry"],"_links":{"self":[{"href":"https:\/\/happyhabitz.se\/index.php?rest_route=\/wp\/v2\/pages\/480","targetHints":{"allow":["GET"]}}],"collection":[{"href":"https:\/\/happyhabitz.se\/index.php?rest_route=\/wp\/v2\/pages"}],"about":[{"href":"https:\/\/happyhabitz.se\/index.php?rest_route=\/wp\/v2\/types\/page"}],"author":[{"embeddable":true,"href":"https:\/\/happyhabitz.se\/index.php?rest_route=\/wp\/v2\/users\/1"}],"replies":[{"embeddable":true,"href":"https:\/\/happyhabitz.se\/index.php?rest_route=%2Fwp%2Fv2%2Fcomments&post=480"}],"version-history":[{"count":15,"href":"https:\/\/happyhabitz.se\/index.php?rest_route=\/wp\/v2\/pages\/480\/revisions"}],"predecessor-version":[{"id":708,"href":"https:\/\/happyhabitz.se\/index.php?rest_route=\/wp\/v2\/pages\/480\/revisions\/708"}],"wp:featuredmedia":[{"embeddable":true,"href":"https:\/\/happyhabitz.se\/index.php?rest_route=\/wp\/v2\/media\/544"}],"wp:attachment":[{"href":"https:\/\/happyhabitz.se\/index.php?rest_route=%2Fwp%2Fv2%2Fmedia&parent=480"}],"curies":[{"name":"wp","href":"https:\/\/api.w.org\/{rel}","templated":true}]}}